{"id":326,"date":"2016-10-13T11:22:33","date_gmt":"2016-10-13T09:22:33","guid":{"rendered":"http:\/\/www.biegen-oder-brechen.de\/?page_id=326"},"modified":"2026-01-04T23:39:27","modified_gmt":"2026-01-04T22:39:27","slug":"freunde","status":"publish","type":"page","link":"https:\/\/www.biegen-oder-brechen.de\/?page_id=326","title":{"rendered":"FREUNDE"},"content":{"rendered":"<p>Webseiten zum Thema Thonet und mehr \u2026<\/p>\n<p><a href=\"http:\/\/www.ulrichfries.de\" target=\"_blank\" rel=\"noopener\">Ulrich Fries\u00a0<\/a><\/p>\n<p><a href=\"http:\/\/www.wienermoebel.ch\/\" target=\"_blank\" rel=\"noopener\">Dieter Staedeli\u00a0Basel<\/a><\/p>\n<p>Gestaltung &amp; Kunst<\/p>\n<p><a href=\"https:\/\/www.fuchsundbaer.de\" target=\"_blank\" rel=\"noopener\">fuchs &amp; b\u00e4r<\/a><\/p>\n<p>Werkst\u00e4tten f\u00fcr Textiles Wohnen<\/p>\n<p><a href=\"http:\/\/Stoff-Reform.de\">Stoff-Reform.de<\/a><\/p>\n","protected":false},"excerpt":{"rendered":"<p>Webseiten zum Thema Thonet und mehr \u2026 Ulrich Fries\u00a0 Dieter Staedeli\u00a0Basel Gestaltung &amp; Kunst fuchs &amp; b\u00e4r Werkst\u00e4tten f\u00fcr Textiles Wohnen Stoff-Reform.de<\/p>\n","protected":false},"author":1,"featured_media":0,"parent":0,"menu_order":0,"comment_status":"closed","ping_status":"closed","template":"","meta":[],"_links":{"self":[{"href":"https:\/\/www.biegen-oder-brechen.de\/index.php?rest_route=\/wp\/v2\/pages\/326"}],"collection":[{"href":"https:\/\/www.biegen-oder-brechen.de\/index.php?rest_route=\/wp\/v2\/pages"}],"about":[{"href":"https:\/\/www.biegen-oder-brechen.de\/index.php?rest_route=\/wp\/v2\/types\/page"}],"author":[{"embeddable":true,"href":"https:\/\/www.biegen-oder-brechen.de\/index.php?rest_route=\/wp\/v2\/users\/1"}],"replies":[{"embeddable":true,"href":"https:\/\/www.biegen-oder-brechen.de\/index.php?rest_route=%2Fwp%2Fv2%2Fcomments&post=326"}],"version-history":[{"count":9,"href":"https:\/\/www.biegen-oder-brechen.de\/index.php?rest_route=\/wp\/v2\/pages\/326\/revisions"}],"predecessor-version":[{"id":778,"href":"https:\/\/www.biegen-oder-brechen.de\/index.php?rest_route=\/wp\/v2\/pages\/326\/revisions\/778"}],"wp:attachment":[{"href":"https:\/\/www.biegen-oder-brechen.de\/index.php?rest_route=%2Fwp%2Fv2%2Fmedia&parent=326"}],"curies":[{"name":"wp","href":"https:\/\/api.w.org\/{rel}","templated":true}]}}