{"id":120,"date":"2016-06-14T09:37:52","date_gmt":"2016-06-14T07:37:52","guid":{"rendered":"http:\/\/www.biegen-oder-brechen.de\/?page_id=120"},"modified":"2023-06-22T12:49:50","modified_gmt":"2023-06-22T10:49:50","slug":"impressum","status":"publish","type":"page","link":"https:\/\/www.biegen-oder-brechen.de\/?page_id=120","title":{"rendered":"IMPRESSUM"},"content":{"rendered":"<p>IMPRESSUM<br \/>\nInhaltlich verantwortlich im Sinne von \u00a7 5 des Telemediengesetzes (TMG)<br \/>\nNils Ahner<br \/>\nBleibtreustra\u00dfe 53<br \/>\n10623 Berlin<br \/>\n<a href=\"mailto:info@biegen-oder-brechen.de\">info(at)biegen-oder-brechen.de<\/a><br \/>\n0049 30 313 46 05<\/p>\n<p>SteuerNr. 13\/202\/00041<\/p>\n<p>Gestaltung und Umsetzung<br \/>\nMareika Weber \u2013 fuchs &amp; b\u00e4r<br \/>\n<a href=\"http:\/\/www.fuchsundbaer.de\">www.fuchsundbaer.de<\/a><\/p>\n<p>Rechtliche Hinweise<br \/>\nWir haben den Inhalt unserer Webseiten mit gr\u00f6\u00dfter Sorgfalt und nach bestem Wissen erstellt. Mit den uns zu Verf\u00fcgung stehenden Mitteln halten wir unser Internetangebot inhaltlich und technisch auf dem neusten Stand.<\/p>\n<p>Urheberrecht<br \/>\nDie Inhalte der Webseite biegen-oder-brechen.de sind urheberrechtlich gesch\u00fctzt.<br \/>\nJegliche Vervielf\u00e4ltigung, \u00dcbermittlung oder Bearbeitung ist au\u00dferhalb der engen Grenzen des Urheberrechts ohne vorherige schriftliche Zustimmung von Nils Ahner oder dem jeweiligen Rechteinhaber untersagt.<\/p>\n<p>Haftungsausschluss<\/p>\n<p>Die Webseiten biegen-oder-brechen.de enthalten Verweise (Links) auf Internetseiten anderer Anbieter. Wir weisen ausdr\u00fccklich darauf hin, dass wir f\u00fcr die Inhalte dieser fremden Seiten nicht verantwortlich sind und insoweit keinerlei Haftung daf\u00fcr \u00fcbernimmt.<br \/>\nDie Verlinkung zu Webseiten von anderen Anbietern, stellt keine Zustimmung zu deren Inhalten dar. Wir haben jedoch zum Zeitpunkt der Ver\u00f6ffentlichung Verkn\u00fcpfung und insbesondere den Inhalt der verkn\u00fcpften Seiten nach bestem Wissen gepr\u00fcft.<\/p>\n<p>Datenschutz<br \/>\nErhebung und Verarbeitung personenbezogener Daten<br \/>\nSie k\u00f6nnen unsere Webseiten grunds\u00e4tzlich besuchen, ohne uns mitzuteilen, wer Sie sind. Wir nutzen den Dienst Google Analytics, dieser speichert automatisch Informationen allgemeiner Natur. Dazu geh\u00f6ren die Art des Webbrowsers, das verwendete Betriebssystem, der Domainnamen Ihres Internet Service Providers, die Webseite, von der aus Sie uns besuchen, die Webseiten, die Sie bei uns besuchen sowie das Datum und die Dauer des Besuches. Hierbei handelt es sich ausschlie\u00dflich um Informationen, welche keine R\u00fcckschl\u00fcsse auf Ihre Person zulassen. Diese Daten werden von uns nur f\u00fcr statistische Zwecke genutzt und um unsere Webseiten zu verbessern.<\/p>\n<p>Personenbezogene Daten, wie zB. ihren Namen, ihre Anschrift und Telefonnummer erheben, verarbeiten oder nutzen wir nur dann, wenn Sie uns diese von sich aus freiwillig zur Verf\u00fcgung stellen und es dar\u00fcber hinaus gesetzlich erlaubt ist oder Sie eingewilligt haben. Dies geschieht \u00fcblicherweise, wenn Sie mit uns eine Gesch\u00e4ftsbeziehung eingehen oder eine Anfrage an uns stellen.<\/p>\n","protected":false},"excerpt":{"rendered":"<p>IMPRESSUM Inhaltlich verantwortlich im Sinne von \u00a7 5 des Telemediengesetzes (TMG) Nils Ahner Bleibtreustra\u00dfe 53 10623 Berlin info(at)biegen-oder-brechen.de 0049 30 313 46 05 SteuerNr. 13\/202\/00041 Gestaltung und Umsetzung Mareika Weber \u2013 fuchs &amp; b\u00e4r www.fuchsundbaer.de Rechtliche Hinweise Wir haben den Inhalt unserer Webseiten mit gr\u00f6\u00dfter Sorgfalt und nach bestem Wissen erstellt. Mit den uns zu [&hellip;]<\/p>\n","protected":false},"author":1,"featured_media":0,"parent":0,"menu_order":0,"comment_status":"closed","ping_status":"closed","template":"","meta":[],"_links":{"self":[{"href":"https:\/\/www.biegen-oder-brechen.de\/index.php?rest_route=\/wp\/v2\/pages\/120"}],"collection":[{"href":"https:\/\/www.biegen-oder-brechen.de\/index.php?rest_route=\/wp\/v2\/pages"}],"about":[{"href":"https:\/\/www.biegen-oder-brechen.de\/index.php?rest_route=\/wp\/v2\/types\/page"}],"author":[{"embeddable":true,"href":"https:\/\/www.biegen-oder-brechen.de\/index.php?rest_route=\/wp\/v2\/users\/1"}],"replies":[{"embeddable":true,"href":"https:\/\/www.biegen-oder-brechen.de\/index.php?rest_route=%2Fwp%2Fv2%2Fcomments&post=120"}],"version-history":[{"count":5,"href":"https:\/\/www.biegen-oder-brechen.de\/index.php?rest_route=\/wp\/v2\/pages\/120\/revisions"}],"predecessor-version":[{"id":735,"href":"https:\/\/www.biegen-oder-brechen.de\/index.php?rest_route=\/wp\/v2\/pages\/120\/revisions\/735"}],"wp:attachment":[{"href":"https:\/\/www.biegen-oder-brechen.de\/index.php?rest_route=%2Fwp%2Fv2%2Fmedia&parent=120"}],"curies":[{"name":"wp","href":"https:\/\/api.w.org\/{rel}","templated":true}]}}